{"id":1990,"date":"2023-06-18T21:30:46","date_gmt":"2023-06-18T21:30:46","guid":{"rendered":"https:\/\/magneks.com.tr\/index.php\/technology-overview\/"},"modified":"2023-09-07T08:39:09","modified_gmt":"2023-09-07T08:39:09","slug":"technology-overview","status":"publish","type":"page","link":"https:\/\/magneks.com.tr\/index.php\/technology-overview\/?lang=tr","title":{"rendered":"Teknolojiye genel bak\u0131\u015f"},"content":{"rendered":"\t\t<div data-elementor-type=\"wp-page\" data-elementor-id=\"1990\" class=\"elementor elementor-1990\">\n\t\t\t\t\t\t<section data-particle_enable=\"false\" data-particle-mobile-disabled=\"false\" class=\"elementor-section elementor-top-section elementor-element elementor-element-314e6dd elementor-section-boxed elementor-section-height-default elementor-section-height-default\" data-id=\"314e6dd\" data-element_type=\"section\" data-e-type=\"section\">\n\t\t\t\t\t\t<div class=\"elementor-container elementor-column-gap-default\">\n\t\t\t\t\t<div class=\"elementor-column elementor-col-50 elementor-top-column elementor-element elementor-element-df2e236\" data-id=\"df2e236\" data-element_type=\"column\" data-e-type=\"column\">\n\t\t\t<div class=\"elementor-widget-wrap elementor-element-populated\">\n\t\t\t\t\t\t<div class=\"elementor-element elementor-element-2e04f39 elementor-widget elementor-widget-image\" data-id=\"2e04f39\" data-element_type=\"widget\" data-e-type=\"widget\" data-widget_type=\"image.default\">\n\t\t\t\t<div class=\"elementor-widget-container\">\n\t\t\t\t\t\t\t\t\t\t\t\t\t\t\t<img fetchpriority=\"high\" decoding=\"async\" width=\"658\" height=\"455\" src=\"https:\/\/magneks.com.tr\/wp-content\/uploads\/2023\/08\/Technology-Overview-First-Picture-copy.png\" class=\"attachment-large size-large wp-image-1959\" alt=\"\" srcset=\"https:\/\/magneks.com.tr\/wp-content\/uploads\/2023\/08\/Technology-Overview-First-Picture-copy.png 658w, https:\/\/magneks.com.tr\/wp-content\/uploads\/2023\/08\/Technology-Overview-First-Picture-copy-300x207.png 300w\" sizes=\"(max-width: 658px) 100vw, 658px\" \/>\t\t\t\t\t\t\t\t\t\t\t\t\t\t\t<\/div>\n\t\t\t\t<\/div>\n\t\t\t\t\t<\/div>\n\t\t<\/div>\n\t\t\t\t<div class=\"elementor-column elementor-col-50 elementor-top-column elementor-element elementor-element-6fbe0aa\" data-id=\"6fbe0aa\" data-element_type=\"column\" data-e-type=\"column\">\n\t\t\t<div class=\"elementor-widget-wrap elementor-element-populated\">\n\t\t\t\t\t\t<div class=\"elementor-element elementor-element-26e4480 elementor-invisible elementor-widget elementor-widget-heading\" data-id=\"26e4480\" data-element_type=\"widget\" data-e-type=\"widget\" data-settings=\"{&quot;_animation&quot;:&quot;slideInLeft&quot;}\" data-widget_type=\"heading.default\">\n\t\t\t\t<div class=\"elementor-widget-container\">\n\t\t\t\t\t<h2 class=\"elementor-heading-title elementor-size-default\">Sizin \u0130\u00e7in Tasarlanm\u0131\u015f Kablosuz \u015earj Deneyimi\n<\/h2>\t\t\t\t<\/div>\n\t\t\t\t<\/div>\n\t\t\t\t<div class=\"elementor-element elementor-element-8cba859 elementor-invisible elementor-widget elementor-widget-text-editor\" data-id=\"8cba859\" data-element_type=\"widget\" data-e-type=\"widget\" data-settings=\"{&quot;_animation&quot;:&quot;fadeInRight&quot;}\" data-widget_type=\"text-editor.default\">\n\t\t\t\t<div class=\"elementor-widget-container\">\n\t\t\t\t\t\t\t\t\tKablosuz \u015farj sistemini tan\u0131tarak, ak\u0131ll\u0131 kullan\u0131c\u0131 etkile\u015fimi, eri\u015filebilirlik, kullan\u0131labilirlik gibi bir\u00e7ok fayda elde edilebilir. \u00dcstelik, kablosuz \u015farj cihaz\u0131 ile arac\u0131n, Park Et &#8211; \u015earj Et &#8211; Git \u015feklinde ileti\u015fim kurdu\u011fu otonom bir \u015farj deneyimi de sunulabilir.\n\nKablosuz g\u00fc\u00e7 iletimini basit\u00e7e a\u00e7\u0131klamak gerekirse, g\u00fc\u00e7, park alan\u0131na yerle\u015ftirilen verici ped ile ara\u00e7 taraf\u0131na monte edilen al\u0131c\u0131 ped aras\u0131nda transfer edilir. AC besleme verici pede uyguland\u0131\u011f\u0131nda, al\u0131c\u0131 pedle etkile\u015fime giren bir AC elektromanyetik alan olu\u015fturur ve al\u0131c\u0131 ped terminallerinde ind\u00fcklenen AC gerilimine yol a\u00e7ar. Bu AC \u00e7\u0131k\u0131\u015f\u0131 daha sonra d\u00fczle\u015ftirilir ve filtrelenir, b\u00f6ylece EV&#8217;nin enerji depolama sistemini \u015farj etmek i\u00e7in kullan\u0131l\u0131r. Buna ind\u00fcksiyon g\u00fc\u00e7 transferi denir. \u0130nd\u00fcksiyon g\u00fc\u00e7 transferinin ana zay\u0131f noktas\u0131, verici ve al\u0131c\u0131 pedler aras\u0131ndaki mesafe artt\u0131k\u00e7a g\u00fc\u00e7 transfer verimlili\u011finin d\u00fc\u015fmesidir. G\u00fc\u00e7 transfer verimlili\u011fini art\u0131rmak i\u00e7in MAGNEKS olarak rezonansl\u0131 ind\u00fcktif g\u00fc\u00e7 transferini tan\u0131t\u0131yoruz.\t\t\t\t\t\t\t\t<\/div>\n\t\t\t\t<\/div>\n\t\t\t\t\t<\/div>\n\t\t<\/div>\n\t\t\t\t\t<\/div>\n\t\t<\/section>\n\t\t\t\t<section data-particle_enable=\"false\" data-particle-mobile-disabled=\"false\" class=\"elementor-section elementor-top-section elementor-element elementor-element-b88e506 elementor-section-boxed elementor-section-height-default elementor-section-height-default\" data-id=\"b88e506\" data-element_type=\"section\" data-e-type=\"section\">\n\t\t\t\t\t\t<div class=\"elementor-container elementor-column-gap-default\">\n\t\t\t\t\t<div class=\"elementor-column elementor-col-100 elementor-top-column elementor-element elementor-element-a0f6c86\" data-id=\"a0f6c86\" data-element_type=\"column\" data-e-type=\"column\">\n\t\t\t<div class=\"elementor-widget-wrap\">\n\t\t\t\t\t\t\t<\/div>\n\t\t<\/div>\n\t\t\t\t\t<\/div>\n\t\t<\/section>\n\t\t\t\t<section data-particle_enable=\"false\" data-particle-mobile-disabled=\"false\" class=\"elementor-section elementor-top-section elementor-element elementor-element-cbc2a24 elementor-section-boxed elementor-section-height-default elementor-section-height-default\" data-id=\"cbc2a24\" data-element_type=\"section\" data-e-type=\"section\">\n\t\t\t\t\t\t<div class=\"elementor-container elementor-column-gap-default\">\n\t\t\t\t\t<div class=\"elementor-column elementor-col-50 elementor-top-column elementor-element elementor-element-69f6ddd\" data-id=\"69f6ddd\" data-element_type=\"column\" data-e-type=\"column\">\n\t\t\t<div class=\"elementor-widget-wrap elementor-element-populated\">\n\t\t\t\t\t\t<div class=\"elementor-element elementor-element-9c393f0 elementor-invisible elementor-widget elementor-widget-heading\" data-id=\"9c393f0\" data-element_type=\"widget\" data-e-type=\"widget\" data-settings=\"{&quot;_animation&quot;:&quot;slideInLeft&quot;}\" data-widget_type=\"heading.default\">\n\t\t\t\t<div class=\"elementor-widget-container\">\n\t\t\t\t\t<h2 class=\"elementor-heading-title elementor-size-default\">REZONANSLI \u0130ND\u00dcKT\u0130F KABLOSUZ \u015eARJ S\u0130STEM\u0130<\/h2>\t\t\t\t<\/div>\n\t\t\t\t<\/div>\n\t\t\t\t<div class=\"elementor-element elementor-element-c4521cd elementor-widget__width-initial elementor-invisible elementor-widget elementor-widget-text-editor\" data-id=\"c4521cd\" data-element_type=\"widget\" data-e-type=\"widget\" data-settings=\"{&quot;_animation&quot;:&quot;slideInLeft&quot;}\" data-widget_type=\"text-editor.default\">\n\t\t\t\t<div class=\"elementor-widget-container\">\n\t\t\t\t\t\t\t\t\tRezonans, iki nesnenin ayn\u0131 do\u011fal frekansta titre\u015fti\u011fi fiziksel bir fenomendir ve bu durum, sal\u0131n\u0131m sisteminin daha verimli enerji eklemesine neden olur.\n\nKablosuz \u015farj sisteminin g\u00fc\u00e7 transfer verimlili\u011fini art\u0131rmak i\u00e7in, verici ve al\u0131c\u0131 pedlerin elektromanyetik alanlar\u0131n\u0131n frekanslar\u0131 rezonansta \u00e7al\u0131\u015fmal\u0131d\u0131r.\nRezonansl\u0131 kuplaj, verici ve al\u0131c\u0131 pedlerin do\u011fal frekanslar\u0131n\u0131n yakla\u015f\u0131k olarak ayn\u0131 oldu\u011fu durumlarda ortaya \u00e7\u0131kar ve bu, enerjinin y\u00fcksek ve verimli bir h\u0131zda iletilmesine olanak tan\u0131r.\n\nRezonansta \u00e7al\u0131\u015fmak, g\u00fcc\u00fcn geni\u015f bir mesafeye (verici ve al\u0131c\u0131 ped aras\u0131ndaki hava bo\u015flu\u011fu) y\u00fcksek g\u00fc\u00e7 transfer verimlili\u011fi ile iletilmesini sa\u011flar.\nVerici ve al\u0131c\u0131 pedlerin uyumlu oldu\u011fu durumda hava bo\u015flu\u011fu \u00fczerinden maksimum g\u00fc\u00e7 transferi ger\u00e7ekle\u015fir.\n\u0130yi rezonans frekanslar\u0131na ula\u015fmak i\u00e7in, ek y\u00fckseltme e\u015fle\u015ftirme a\u011flar\u0131 (\u0130EA) seri ve paralel kombinasyonlar\u0131 olarak verici ve al\u0131c\u0131 pedlere eklenir.\nBu ek y\u00fckseltme e\u015fle\u015ftirme a\u011f\u0131 (\u0130EA), ayn\u0131 zamanda sistem g\u00fc\u00e7 kay\u0131plar\u0131n\u0131 minimuma indirir.\t\t\t\t\t\t\t\t<\/div>\n\t\t\t\t<\/div>\n\t\t\t\t\t<\/div>\n\t\t<\/div>\n\t\t\t\t<div class=\"elementor-column elementor-col-50 elementor-top-column elementor-element elementor-element-e3ef36f\" data-id=\"e3ef36f\" data-element_type=\"column\" data-e-type=\"column\">\n\t\t\t<div class=\"elementor-widget-wrap elementor-element-populated\">\n\t\t\t\t\t\t<div class=\"elementor-element elementor-element-6a23477 elementor-invisible elementor-widget elementor-widget-image\" data-id=\"6a23477\" data-element_type=\"widget\" data-e-type=\"widget\" data-settings=\"{&quot;_animation&quot;:&quot;zoomIn&quot;}\" data-widget_type=\"image.default\">\n\t\t\t\t<div class=\"elementor-widget-container\">\n\t\t\t\t\t\t\t\t\t\t\t\t\t\t\t<img decoding=\"async\" width=\"1024\" height=\"1016\" src=\"https:\/\/magneks.com.tr\/wp-content\/uploads\/2023\/08\/Technology-Overview-Resonant-Inductive-e1693257704478-1024x1016.jpg\" class=\"attachment-large size-large wp-image-1779\" alt=\"\" srcset=\"https:\/\/magneks.com.tr\/wp-content\/uploads\/2023\/08\/Technology-Overview-Resonant-Inductive-e1693257704478-1024x1016.jpg 1024w, https:\/\/magneks.com.tr\/wp-content\/uploads\/2023\/08\/Technology-Overview-Resonant-Inductive-e1693257704478-300x298.jpg 300w, https:\/\/magneks.com.tr\/wp-content\/uploads\/2023\/08\/Technology-Overview-Resonant-Inductive-e1693257704478-150x150.jpg 150w, https:\/\/magneks.com.tr\/wp-content\/uploads\/2023\/08\/Technology-Overview-Resonant-Inductive-e1693257704478-768x762.jpg 768w, https:\/\/magneks.com.tr\/wp-content\/uploads\/2023\/08\/Technology-Overview-Resonant-Inductive-e1693257704478.jpg 1109w\" sizes=\"(max-width: 1024px) 100vw, 1024px\" \/>\t\t\t\t\t\t\t\t\t\t\t\t\t\t\t<\/div>\n\t\t\t\t<\/div>\n\t\t\t\t\t<\/div>\n\t\t<\/div>\n\t\t\t\t\t<\/div>\n\t\t<\/section>\n\t\t\t\t<\/div>\n\t\t","protected":false},"excerpt":{"rendered":"<p>Sizin \u0130\u00e7in Tasarlanm\u0131\u015f Kablosuz \u015earj Deneyimi Kablosuz \u015farj sistemini tan\u0131tarak, ak\u0131ll\u0131 kullan\u0131c\u0131 etkile\u015fimi, eri\u015filebilirlik, kullan\u0131labilirlik gibi bir\u00e7ok fayda elde edilebilir. \u00dcstelik, kablosuz \u015farj cihaz\u0131 ile arac\u0131n, Park Et &#8211; \u015earj Et &#8211; Git \u015feklinde ileti\u015fim kurdu\u011fu otonom bir \u015farj deneyimi de sunulabilir. Kablosuz g\u00fc\u00e7 iletimini basit\u00e7e a\u00e7\u0131klamak gerekirse, g\u00fc\u00e7, park alan\u0131na yerle\u015ftirilen verici ped ile [&hellip;]<\/p>\n","protected":false},"author":1,"featured_media":0,"parent":0,"menu_order":0,"comment_status":"closed","ping_status":"closed","template":"","meta":{"site-sidebar-layout":"no-sidebar","site-content-layout":"page-builder","ast-site-content-layout":"default","site-content-style":"default","site-sidebar-style":"default","ast-global-header-display":"","ast-banner-title-visibility":"","ast-main-header-display":"","ast-hfb-above-header-display":"","ast-hfb-below-header-display":"","ast-hfb-mobile-header-display":"","site-post-title":"disabled","ast-breadcrumbs-content":"","ast-featured-img":"disabled","footer-sml-layout":"","ast-disable-related-posts":"","theme-transparent-header-meta":"enabled","adv-header-id-meta":"","stick-header-meta":"","header-above-stick-meta":"","header-main-stick-meta":"","header-below-stick-meta":"","astra-migrate-meta-layouts":"default","ast-page-background-enabled":"default","ast-page-background-meta":{"desktop":{"background-color":"var(--ast-global-color-4)","background-image":"","background-repeat":"repeat","background-position":"center center","background-size":"auto","background-attachment":"scroll","background-type":"","background-media":"","overlay-type":"","overlay-color":"","overlay-opacity":"","overlay-gradient":""},"tablet":{"background-color":"","background-image":"","background-repeat":"repeat","background-position":"center center","background-size":"auto","background-attachment":"scroll","background-type":"","background-media":"","overlay-type":"","overlay-color":"","overlay-opacity":"","overlay-gradient":""},"mobile":{"background-color":"","background-image":"","background-repeat":"repeat","background-position":"center center","background-size":"auto","background-attachment":"scroll","background-type":"","background-media":"","overlay-type":"","overlay-color":"","overlay-opacity":"","overlay-gradient":""}},"ast-content-background-meta":{"desktop":{"background-color":"var(--ast-global-color-5)","background-image":"","background-repeat":"repeat","background-position":"center center","background-size":"auto","background-attachment":"scroll","background-type":"","background-media":"","overlay-type":"","overlay-color":"","overlay-opacity":"","overlay-gradient":""},"tablet":{"background-color":"var(--ast-global-color-5)","background-image":"","background-repeat":"repeat","background-position":"center center","background-size":"auto","background-attachment":"scroll","background-type":"","background-media":"","overlay-type":"","overlay-color":"","overlay-opacity":"","overlay-gradient":""},"mobile":{"background-color":"var(--ast-global-color-5)","background-image":"","background-repeat":"repeat","background-position":"center center","background-size":"auto","background-attachment":"scroll","background-type":"","background-media":"","overlay-type":"","overlay-color":"","overlay-opacity":"","overlay-gradient":""}},"footnotes":""},"class_list":["post-1990","page","type-page","status-publish","hentry"],"_links":{"self":[{"href":"https:\/\/magneks.com.tr\/index.php\/wp-json\/wp\/v2\/pages\/1990","targetHints":{"allow":["GET"]}}],"collection":[{"href":"https:\/\/magneks.com.tr\/index.php\/wp-json\/wp\/v2\/pages"}],"about":[{"href":"https:\/\/magneks.com.tr\/index.php\/wp-json\/wp\/v2\/types\/page"}],"author":[{"embeddable":true,"href":"https:\/\/magneks.com.tr\/index.php\/wp-json\/wp\/v2\/users\/1"}],"replies":[{"embeddable":true,"href":"https:\/\/magneks.com.tr\/index.php\/wp-json\/wp\/v2\/comments?post=1990"}],"version-history":[{"count":8,"href":"https:\/\/magneks.com.tr\/index.php\/wp-json\/wp\/v2\/pages\/1990\/revisions"}],"predecessor-version":[{"id":2193,"href":"https:\/\/magneks.com.tr\/index.php\/wp-json\/wp\/v2\/pages\/1990\/revisions\/2193"}],"wp:attachment":[{"href":"https:\/\/magneks.com.tr\/index.php\/wp-json\/wp\/v2\/media?parent=1990"}],"curies":[{"name":"wp","href":"https:\/\/api.w.org\/{rel}","templated":true}]}}